{"id":13,"date":"2026-02-11T11:00:55","date_gmt":"2026-02-11T11:00:55","guid":{"rendered":"https:\/\/jobacabadosmetalicos.rkinformatika.online\/?page_id=13"},"modified":"2026-04-16T15:13:49","modified_gmt":"2026-04-16T15:13:49","slug":"servicios","status":"publish","type":"page","link":"https:\/\/jobacabadosmetalicos.com\/en\/servicios\/","title":{"rendered":"Services"},"content":{"rendered":"<div data-elementor-type=\"wp-page\" data-elementor-id=\"13\" class=\"elementor elementor-13\" data-elementor-post-type=\"page\">\n\t\t\t\t<div class=\"elementor-element elementor-element-f283997 e-flex e-con-boxed elementor-invisible e-con e-parent\" data-id=\"f283997\" data-element_type=\"container\" data-e-type=\"container\" data-settings=\"{&quot;animation&quot;:&quot;fadeInDown&quot;}\">\n\t\t\t\t\t<div class=\"e-con-inner\">\n\t\t<div class=\"elementor-element elementor-element-6477cb7 e-con-full e-flex e-con e-child\" data-id=\"6477cb7\" data-element_type=\"container\" data-e-type=\"container\">\n\t\t\t\t<div class=\"elementor-element elementor-element-dd622c9 elementor-invisible elementor-widget elementor-widget-heading\" data-id=\"dd622c9\" data-element_type=\"widget\" data-e-type=\"widget\" data-settings=\"{&quot;_animation&quot;:&quot;fadeIn&quot;,&quot;_animation_delay&quot;:50}\" data-widget_type=\"heading.default\">\n\t\t\t\t\t<h2 class=\"elementor-heading-title elementor-size-default\">Potencia, orden y capacidad en cada instalaci\u00f3n.<\/h2>\t\t\t\t<\/div>\n\t\t\t\t<div class=\"elementor-element elementor-element-716be59 elementor-invisible elementor-widget elementor-widget-heading\" data-id=\"716be59\" data-element_type=\"widget\" data-e-type=\"widget\" data-settings=\"{&quot;_animation&quot;:&quot;fadeIn&quot;,&quot;_animation_delay&quot;:100}\" data-widget_type=\"heading.default\">\n\t\t\t\t\t<h2 class=\"elementor-heading-title elementor-size-default\">\u00a1Todo lo que tu veh\u00edculo necesita para trabajar mejor!<\/h2>\t\t\t\t<\/div>\n\t\t\t\t<\/div>\n\t\t<div class=\"elementor-element elementor-element-0b3b4f4 e-con-full e-flex e-con e-child\" data-id=\"0b3b4f4\" data-element_type=\"container\" data-e-type=\"container\">\n\t\t\t\t<\/div>\n\t\t\t\t\t<\/div>\n\t\t\t\t<\/div>\n\t\t<div class=\"elementor-element elementor-element-2185678 e-flex e-con-boxed e-con e-parent\" data-id=\"2185678\" data-element_type=\"container\" data-e-type=\"container\" data-settings=\"{&quot;background_background&quot;:&quot;classic&quot;}\">\n\t\t\t\t\t<div class=\"e-con-inner\">\n\t\t\t\t<div class=\"elementor-element elementor-element-357a273 elementor-invisible elementor-widget elementor-widget-heading\" data-id=\"357a273\" data-element_type=\"widget\" data-e-type=\"widget\" data-settings=\"{&quot;_animation&quot;:&quot;fadeInRight&quot;}\" data-widget_type=\"heading.default\">\n\t\t\t\t\t<h2 class=\"elementor-heading-title elementor-size-default\">Optimiza el espacio, mejora la seguridad y aumenta la eficiencia de tu veh\u00edculo con soluciones dise\u00f1adas para el trabajo real.<\/h2>\t\t\t\t<\/div>\n\t\t\t\t<div class=\"elementor-element elementor-element-39d5c05 elementor-tablet-align-center elementor-invisible elementor-widget elementor-widget-button\" data-id=\"39d5c05\" data-element_type=\"widget\" data-e-type=\"widget\" data-settings=\"{&quot;_animation&quot;:&quot;fadeInRight&quot;}\" data-widget_type=\"button.default\">\n\t\t\t\t\t\t\t\t\t\t<a class=\"elementor-button elementor-button-link elementor-size-sm elementor-animation-float\" href=\"\/en\/contacto\/\">\n\t\t\t\t\t\t<span class=\"elementor-button-content-wrapper\">\n\t\t\t\t\t\t<span class=\"elementor-button-icon\">\n\t\t\t\t<svg aria-hidden=\"true\" class=\"e-font-icon-svg e-fas-user-tie\" viewbox=\"0 0 448 512\" xmlns=\"http:\/\/www.w3.org\/2000\/svg\"><path d=\"M224 256c70.7 0 128-57.3 128-128S294.7 0 224 0 96 57.3 96 128s57.3 128 128 128zm95.8 32.6L272 480l-32-136 32-56h-96l32 56-32 136-47.8-191.4C56.9 292 0 350.3 0 422.4V464c0 26.5 21.5 48 48 48h352c26.5 0 48-21.5 48-48v-41.6c0-72.1-56.9-130.4-128.2-133.8z\"><\/path><\/svg>\t\t\t<\/span>\n\t\t\t\t\t\t\t\t\t<span class=\"elementor-button-text\">Cont\u00e1ctanos<\/span>\n\t\t\t\t\t<\/span>\n\t\t\t\t\t<\/a>\n\t\t\t\t\t\t\t\t<\/div>\n\t\t\t\t\t<\/div>\n\t\t\t\t<\/div>\n\t\t<div class=\"elementor-element elementor-element-60aa3bf e-flex e-con-boxed elementor-invisible e-con e-parent\" data-id=\"60aa3bf\" data-element_type=\"container\" data-e-type=\"container\" data-settings=\"{&quot;animation&quot;:&quot;fadeInDown&quot;}\">\n\t\t\t\t\t<div class=\"e-con-inner\">\n\t\t<div class=\"elementor-element elementor-element-371982b e-con-full e-flex e-con e-child\" data-id=\"371982b\" data-element_type=\"container\" data-e-type=\"container\">\n\t\t\t\t<div class=\"elementor-element elementor-element-c788cb2 elementor-invisible elementor-widget elementor-widget-heading\" data-id=\"c788cb2\" data-element_type=\"widget\" data-e-type=\"widget\" data-settings=\"{&quot;_animation&quot;:&quot;fadeIn&quot;,&quot;_animation_delay&quot;:50}\" data-widget_type=\"heading.default\">\n\t\t\t\t\t<h2 class=\"elementor-heading-title elementor-size-default\">M\u00e1s orden, m\u00e1s carga, m\u00e1s rendimiento.<\/h2>\t\t\t\t<\/div>\n\t\t\t\t<div class=\"elementor-element elementor-element-514a4f4 elementor-invisible elementor-widget elementor-widget-heading\" data-id=\"514a4f4\" data-element_type=\"widget\" data-e-type=\"widget\" data-settings=\"{&quot;_animation&quot;:&quot;fadeIn&quot;,&quot;_animation_delay&quot;:100}\" data-widget_type=\"heading.default\">\n\t\t\t\t\t<h2 class=\"elementor-heading-title elementor-size-default\">Nuestros servicios variados<\/h2>\t\t\t\t<\/div>\n\t\t\t\t<\/div>\n\t\t\t\t\t<\/div>\n\t\t\t\t<\/div>\n\t\t<div class=\"elementor-element elementor-element-e7dd3cc e-grid e-con-boxed e-con e-parent\" data-id=\"e7dd3cc\" data-element_type=\"container\" data-e-type=\"container\">\n\t\t\t\t\t<div class=\"e-con-inner\">\n\t\t\t\t<div class=\"elementor-element elementor-element-7d54e68 elementor-cta--skin-classic elementor-animated-content elementor-bg-transform elementor-bg-transform-zoom-in elementor-widget elementor-widget-call-to-action\" data-id=\"7d54e68\" data-element_type=\"widget\" data-e-type=\"widget\" data-widget_type=\"call-to-action.default\">\n\t\t\t\t\t\t\t<div class=\"elementor-cta\">\n\t\t\t\t\t\t\t<div class=\"elementor-cta__content\">\n\t\t\t\t\n\t\t\t\t\t\t\t\t\t<h2 class=\"elementor-cta__title elementor-cta__content-item elementor-content-item\">\n\t\t\t\t\t\tAlumbrado\t\t\t\t\t<\/h2>\n\t\t\t\t\n\t\t\t\t\n\t\t\t\t\t\t\t<\/div>\n\t\t\t\t\t\t<\/div>\n\t\t\t\t\t\t<\/div>\n\t\t\t\t<div class=\"elementor-element elementor-element-23f4ecb elementor-cta--skin-classic elementor-animated-content elementor-bg-transform elementor-bg-transform-zoom-in elementor-widget elementor-widget-call-to-action\" data-id=\"23f4ecb\" data-element_type=\"widget\" data-e-type=\"widget\" data-widget_type=\"call-to-action.default\">\n\t\t\t\t\t\t\t<div class=\"elementor-cta\">\n\t\t\t\t\t\t\t<div class=\"elementor-cta__content\">\n\t\t\t\t\n\t\t\t\t\t\t\t\t\t<h2 class=\"elementor-cta__title elementor-cta__content-item elementor-content-item\">\n\t\t\t\t\t\tBacas\t\t\t\t\t<\/h2>\n\t\t\t\t\n\t\t\t\t\n\t\t\t\t\t\t\t<\/div>\n\t\t\t\t\t\t<\/div>\n\t\t\t\t\t\t<\/div>\n\t\t\t\t<div class=\"elementor-element elementor-element-89d573e elementor-cta--layout-image-left elementor-cta--skin-classic elementor-animated-content elementor-bg-transform elementor-bg-transform-zoom-in elementor-widget elementor-widget-call-to-action\" data-id=\"89d573e\" data-element_type=\"widget\" data-e-type=\"widget\" data-widget_type=\"call-to-action.default\">\n\t\t\t\t\t\t\t<div class=\"elementor-cta\">\n\t\t\t\t\t\t\t<div class=\"elementor-cta__content\">\n\t\t\t\t\n\t\t\t\t\t\t\t\t\t<h2 class=\"elementor-cta__title elementor-cta__content-item elementor-content-item\">\n\t\t\t\t\t\tBarras\t\t\t\t\t<\/h2>\n\t\t\t\t\n\t\t\t\t\n\t\t\t\t\t\t\t<\/div>\n\t\t\t\t\t\t<\/div>\n\t\t\t\t\t\t<\/div>\n\t\t\t\t<div class=\"elementor-element elementor-element-38965d2 elementor-cta--skin-classic elementor-animated-content elementor-bg-transform elementor-bg-transform-zoom-in elementor-widget elementor-widget-call-to-action\" data-id=\"38965d2\" data-element_type=\"widget\" data-e-type=\"widget\" data-widget_type=\"call-to-action.default\">\n\t\t\t\t\t\t\t<div class=\"elementor-cta\">\n\t\t\t\t\t\t\t<div class=\"elementor-cta__content\">\n\t\t\t\t\n\t\t\t\t\t\t\t\t\t<h2 class=\"elementor-cta__title elementor-cta__content-item elementor-content-item\">\n\t\t\t\t\t\tAccesorios bacas\t\t\t\t\t<\/h2>\n\t\t\t\t\n\t\t\t\t\n\t\t\t\t\t\t\t<\/div>\n\t\t\t\t\t\t<\/div>\n\t\t\t\t\t\t<\/div>\n\t\t\t\t\t<\/div>\n\t\t\t\t<\/div>\n\t\t\t\t<\/div>","protected":false},"excerpt":{"rendered":"<p>Potencia, orden y capacidad en cada instalaci\u00f3n. \u00a1Todo lo que tu veh\u00edculo necesita para trabajar mejor! Optimiza el espacio, mejora la seguridad y aumenta la eficiencia de tu veh\u00edculo con soluciones dise\u00f1adas para el trabajo real. Cont\u00e1ctanos M\u00e1s orden, m\u00e1s carga, m\u00e1s rendimiento. Nuestros servicios variados Alumbrado Bacas Barras Accesorios bacas<\/p>","protected":false},"author":1,"featured_media":0,"parent":0,"menu_order":0,"comment_status":"closed","ping_status":"closed","template":"elementor_canvas","meta":{"footnotes":""},"class_list":["post-13","page","type-page","status-publish","hentry"],"yoast_head":"<!-- This site is optimized with the Yoast SEO plugin v27.4 - https:\/\/yoast.com\/product\/yoast-seo-wordpress\/ -->\n<title>Servicios - INDUSTRIAS JOB<\/title>\n<meta name=\"robots\" content=\"index, follow, max-snippet:-1, max-image-preview:large, max-video-preview:-1\" \/>\n<link rel=\"canonical\" href=\"https:\/\/jobacabadosmetalicos.com\/en\/servicios\/\" \/>\n<meta property=\"og:locale\" content=\"en_GB\" \/>\n<meta property=\"og:type\" content=\"article\" \/>\n<meta property=\"og:title\" content=\"Servicios - INDUSTRIAS JOB\" \/>\n<meta property=\"og:description\" content=\"Potencia, orden y capacidad en cada instalaci\u00f3n. \u00a1Todo lo que tu veh\u00edculo necesita para trabajar mejor! Optimiza el espacio, mejora la seguridad y aumenta la eficiencia de tu veh\u00edculo con soluciones dise\u00f1adas para el trabajo real. Cont\u00e1ctanos M\u00e1s orden, m\u00e1s carga, m\u00e1s rendimiento. Nuestros servicios variados Alumbrado Bacas Barras Accesorios bacas\" \/>\n<meta property=\"og:url\" content=\"https:\/\/jobacabadosmetalicos.com\/en\/servicios\/\" \/>\n<meta property=\"og:site_name\" content=\"INDUSTRIAS JOB\" \/>\n<meta property=\"article:modified_time\" content=\"2026-04-16T15:13:49+00:00\" \/>\n<meta name=\"twitter:card\" content=\"summary_large_image\" \/>\n<meta name=\"twitter:label1\" content=\"Estimated reading time\" \/>\n\t<meta name=\"twitter:data1\" content=\"1 minute\" \/>\n<script type=\"application\/ld+json\" class=\"yoast-schema-graph\">{\"@context\":\"https:\\\/\\\/schema.org\",\"@graph\":[{\"@type\":\"WebPage\",\"@id\":\"https:\\\/\\\/jobacabadosmetalicos.com\\\/servicios\\\/\",\"url\":\"https:\\\/\\\/jobacabadosmetalicos.com\\\/servicios\\\/\",\"name\":\"Servicios - INDUSTRIAS JOB\",\"isPartOf\":{\"@id\":\"https:\\\/\\\/jobacabadosmetalicos.com\\\/#website\"},\"datePublished\":\"2026-02-11T11:00:55+00:00\",\"dateModified\":\"2026-04-16T15:13:49+00:00\",\"breadcrumb\":{\"@id\":\"https:\\\/\\\/jobacabadosmetalicos.com\\\/servicios\\\/#breadcrumb\"},\"inLanguage\":\"en-GB\",\"potentialAction\":[{\"@type\":\"ReadAction\",\"target\":[\"https:\\\/\\\/jobacabadosmetalicos.com\\\/servicios\\\/\"]}]},{\"@type\":\"BreadcrumbList\",\"@id\":\"https:\\\/\\\/jobacabadosmetalicos.com\\\/servicios\\\/#breadcrumb\",\"itemListElement\":[{\"@type\":\"ListItem\",\"position\":1,\"name\":\"Portada\",\"item\":\"https:\\\/\\\/jobacabadosmetalicos.com\\\/\"},{\"@type\":\"ListItem\",\"position\":2,\"name\":\"Servicios\"}]},{\"@type\":\"WebSite\",\"@id\":\"https:\\\/\\\/jobacabadosmetalicos.com\\\/#website\",\"url\":\"https:\\\/\\\/jobacabadosmetalicos.com\\\/\",\"name\":\"INDUSTRIAS JOB\",\"description\":\"INDUSTRIAS JOB\",\"publisher\":{\"@id\":\"https:\\\/\\\/jobacabadosmetalicos.com\\\/#organization\"},\"potentialAction\":[{\"@type\":\"SearchAction\",\"target\":{\"@type\":\"EntryPoint\",\"urlTemplate\":\"https:\\\/\\\/jobacabadosmetalicos.com\\\/?s={search_term_string}\"},\"query-input\":{\"@type\":\"PropertyValueSpecification\",\"valueRequired\":true,\"valueName\":\"search_term_string\"}}],\"inLanguage\":\"en-GB\"},{\"@type\":\"Organization\",\"@id\":\"https:\\\/\\\/jobacabadosmetalicos.com\\\/#organization\",\"name\":\"INDUSTRIAS JOB\",\"url\":\"https:\\\/\\\/jobacabadosmetalicos.com\\\/\",\"logo\":{\"@type\":\"ImageObject\",\"inLanguage\":\"en-GB\",\"@id\":\"https:\\\/\\\/jobacabadosmetalicos.com\\\/#\\\/schema\\\/logo\\\/image\\\/\",\"url\":\"https:\\\/\\\/jobacabadosmetalicos.com\\\/wp-content\\\/uploads\\\/2026\\\/03\\\/logo_web.png\",\"contentUrl\":\"https:\\\/\\\/jobacabadosmetalicos.com\\\/wp-content\\\/uploads\\\/2026\\\/03\\\/logo_web.png\",\"width\":1794,\"height\":1039,\"caption\":\"INDUSTRIAS JOB\"},\"image\":{\"@id\":\"https:\\\/\\\/jobacabadosmetalicos.com\\\/#\\\/schema\\\/logo\\\/image\\\/\"}}]}<\/script>\n<!-- \/ Yoast SEO plugin. -->","yoast_head_json":{"title":"Servicios - INDUSTRIAS JOB","robots":{"index":"index","follow":"follow","max-snippet":"max-snippet:-1","max-image-preview":"max-image-preview:large","max-video-preview":"max-video-preview:-1"},"canonical":"https:\/\/jobacabadosmetalicos.com\/en\/servicios\/","og_locale":"en_GB","og_type":"article","og_title":"Servicios - INDUSTRIAS JOB","og_description":"Potencia, orden y capacidad en cada instalaci\u00f3n. \u00a1Todo lo que tu veh\u00edculo necesita para trabajar mejor! Optimiza el espacio, mejora la seguridad y aumenta la eficiencia de tu veh\u00edculo con soluciones dise\u00f1adas para el trabajo real. Cont\u00e1ctanos M\u00e1s orden, m\u00e1s carga, m\u00e1s rendimiento. Nuestros servicios variados Alumbrado Bacas Barras Accesorios bacas","og_url":"https:\/\/jobacabadosmetalicos.com\/en\/servicios\/","og_site_name":"INDUSTRIAS JOB","article_modified_time":"2026-04-16T15:13:49+00:00","twitter_card":"summary_large_image","twitter_misc":{"Estimated reading time":"1 minute"},"schema":{"@context":"https:\/\/schema.org","@graph":[{"@type":"WebPage","@id":"https:\/\/jobacabadosmetalicos.com\/servicios\/","url":"https:\/\/jobacabadosmetalicos.com\/servicios\/","name":"Servicios - INDUSTRIAS JOB","isPartOf":{"@id":"https:\/\/jobacabadosmetalicos.com\/#website"},"datePublished":"2026-02-11T11:00:55+00:00","dateModified":"2026-04-16T15:13:49+00:00","breadcrumb":{"@id":"https:\/\/jobacabadosmetalicos.com\/servicios\/#breadcrumb"},"inLanguage":"en-GB","potentialAction":[{"@type":"ReadAction","target":["https:\/\/jobacabadosmetalicos.com\/servicios\/"]}]},{"@type":"BreadcrumbList","@id":"https:\/\/jobacabadosmetalicos.com\/servicios\/#breadcrumb","itemListElement":[{"@type":"ListItem","position":1,"name":"Portada","item":"https:\/\/jobacabadosmetalicos.com\/"},{"@type":"ListItem","position":2,"name":"Servicios"}]},{"@type":"WebSite","@id":"https:\/\/jobacabadosmetalicos.com\/#website","url":"https:\/\/jobacabadosmetalicos.com\/","name":"INDUSTRIAS JOB","description":"INDUSTRIAS JOB","publisher":{"@id":"https:\/\/jobacabadosmetalicos.com\/#organization"},"potentialAction":[{"@type":"SearchAction","target":{"@type":"EntryPoint","urlTemplate":"https:\/\/jobacabadosmetalicos.com\/?s={search_term_string}"},"query-input":{"@type":"PropertyValueSpecification","valueRequired":true,"valueName":"search_term_string"}}],"inLanguage":"en-GB"},{"@type":"Organization","@id":"https:\/\/jobacabadosmetalicos.com\/#organization","name":"INDUSTRIAS JOB","url":"https:\/\/jobacabadosmetalicos.com\/","logo":{"@type":"ImageObject","inLanguage":"en-GB","@id":"https:\/\/jobacabadosmetalicos.com\/#\/schema\/logo\/image\/","url":"https:\/\/jobacabadosmetalicos.com\/wp-content\/uploads\/2026\/03\/logo_web.png","contentUrl":"https:\/\/jobacabadosmetalicos.com\/wp-content\/uploads\/2026\/03\/logo_web.png","width":1794,"height":1039,"caption":"INDUSTRIAS JOB"},"image":{"@id":"https:\/\/jobacabadosmetalicos.com\/#\/schema\/logo\/image\/"}}]}},"_links":{"self":[{"href":"https:\/\/jobacabadosmetalicos.com\/en\/wp-json\/wp\/v2\/pages\/13","targetHints":{"allow":["GET"]}}],"collection":[{"href":"https:\/\/jobacabadosmetalicos.com\/en\/wp-json\/wp\/v2\/pages"}],"about":[{"href":"https:\/\/jobacabadosmetalicos.com\/en\/wp-json\/wp\/v2\/types\/page"}],"author":[{"embeddable":true,"href":"https:\/\/jobacabadosmetalicos.com\/en\/wp-json\/wp\/v2\/users\/1"}],"replies":[{"embeddable":true,"href":"https:\/\/jobacabadosmetalicos.com\/en\/wp-json\/wp\/v2\/comments?post=13"}],"version-history":[{"count":82,"href":"https:\/\/jobacabadosmetalicos.com\/en\/wp-json\/wp\/v2\/pages\/13\/revisions"}],"predecessor-version":[{"id":408,"href":"https:\/\/jobacabadosmetalicos.com\/en\/wp-json\/wp\/v2\/pages\/13\/revisions\/408"}],"wp:attachment":[{"href":"https:\/\/jobacabadosmetalicos.com\/en\/wp-json\/wp\/v2\/media?parent=13"}],"curies":[{"name":"wp","href":"https:\/\/api.w.org\/{rel}","templated":true}]}}