{"id":10,"date":"2026-02-11T10:59:32","date_gmt":"2026-02-11T10:59:32","guid":{"rendered":"https:\/\/jobacabadosmetalicos.rkinformatika.online\/?page_id=10"},"modified":"2026-04-16T15:11:56","modified_gmt":"2026-04-16T15:11:56","slug":"inicio","status":"publish","type":"page","link":"https:\/\/jobacabadosmetalicos.com\/en\/","title":{"rendered":"Home"},"content":{"rendered":"<div data-elementor-type=\"wp-page\" data-elementor-id=\"10\" class=\"elementor elementor-10\" data-elementor-post-type=\"page\">\n\t\t\t\t<div class=\"elementor-element elementor-element-8fabdff e-flex e-con-boxed e-con e-parent\" data-id=\"8fabdff\" data-element_type=\"container\" data-e-type=\"container\" data-settings=\"{&quot;background_background&quot;:&quot;classic&quot;}\">\n\t\t\t\t\t<div class=\"e-con-inner\">\n\t\t<div class=\"elementor-element elementor-element-2a0cf65 e-con-full e-flex elementor-invisible e-con e-child\" data-id=\"2a0cf65\" data-element_type=\"container\" data-e-type=\"container\" data-settings=\"{&quot;animation&quot;:&quot;fadeInRight&quot;}\">\n\t\t\t\t<div class=\"elementor-element elementor-element-7d1e05b elementor-widget elementor-widget-heading\" data-id=\"7d1e05b\" data-element_type=\"widget\" data-e-type=\"widget\" data-widget_type=\"heading.default\">\n\t\t\t\t\t<h2 class=\"elementor-heading-title elementor-size-default\">Electrical fittings and luggage racks<\/h2>\t\t\t\t<\/div>\n\t\t\t\t<div class=\"elementor-element elementor-element-6bbf968 elementor-widget elementor-widget-heading\" data-id=\"6bbf968\" data-element_type=\"widget\" data-e-type=\"widget\" data-widget_type=\"heading.default\">\n\t\t\t\t\t<h2 class=\"elementor-heading-title elementor-size-default\"> for commercial vehicles<\/h2>\t\t\t\t<\/div>\n\t\t\t\t<\/div>\n\t\t\t\t\t<\/div>\n\t\t\t\t<\/div>\n\t\t<div class=\"elementor-element elementor-element-88ff9fb e-flex e-con-boxed elementor-invisible e-con e-parent\" data-id=\"88ff9fb\" data-element_type=\"container\" data-e-type=\"container\" data-settings=\"{&quot;animation&quot;:&quot;fadeInDown&quot;}\">\n\t\t\t\t\t<div class=\"e-con-inner\">\n\t\t<div class=\"elementor-element elementor-element-2fbc0ad e-con-full e-flex e-con e-child\" data-id=\"2fbc0ad\" data-element_type=\"container\" data-e-type=\"container\">\n\t\t\t\t<div class=\"elementor-element elementor-element-c70cb8c elementor-invisible elementor-widget elementor-widget-heading\" data-id=\"c70cb8c\" data-element_type=\"widget\" data-e-type=\"widget\" data-settings=\"{&quot;_animation&quot;:&quot;fadeIn&quot;,&quot;_animation_delay&quot;:50}\" data-widget_type=\"heading.default\">\n\t\t\t\t\t<h2 class=\"elementor-heading-title elementor-size-default\">about us<\/h2>\t\t\t\t<\/div>\n\t\t\t\t<div class=\"elementor-element elementor-element-a086c49 elementor-invisible elementor-widget elementor-widget-heading\" data-id=\"a086c49\" data-element_type=\"widget\" data-e-type=\"widget\" data-settings=\"{&quot;_animation&quot;:&quot;fadeIn&quot;,&quot;_animation_delay&quot;:100}\" data-widget_type=\"heading.default\">\n\t\t\t\t\t<h2 class=\"elementor-heading-title elementor-size-default\">Solutions that equip your work!<\/h2>\t\t\t\t<\/div>\n\t\t\t\t<div class=\"elementor-element elementor-element-382584b elementor-widget elementor-widget-text-editor\" data-id=\"382584b\" data-element_type=\"widget\" data-e-type=\"widget\" data-widget_type=\"text-editor.default\">\n\t\t\t\t\t\t\t\t\t<p>Factory specializing in the production of high-quality electrical fittings and luggage racks for industrial vehicles, offering innovative and durable solutions for the efficient and safe transport of goods.<\/p>\t\t\t\t\t\t\t\t<\/div>\n\t\t\t\t<\/div>\n\t\t<div class=\"elementor-element elementor-element-0f81e92 e-con-full e-flex e-con e-child\" data-id=\"0f81e92\" data-element_type=\"container\" data-e-type=\"container\">\n\t\t\t\t<\/div>\n\t\t\t\t\t<\/div>\n\t\t\t\t<\/div>\n\t\t<div class=\"elementor-element elementor-element-6c00346 e-flex e-con-boxed e-con e-parent\" data-id=\"6c00346\" data-element_type=\"container\" data-e-type=\"container\" data-settings=\"{&quot;background_background&quot;:&quot;classic&quot;}\">\n\t\t\t\t\t<div class=\"e-con-inner\">\n\t\t\t\t<div class=\"elementor-element elementor-element-83b3b03 elementor-invisible elementor-widget elementor-widget-heading\" data-id=\"83b3b03\" data-element_type=\"widget\" data-e-type=\"widget\" data-settings=\"{&quot;_animation&quot;:&quot;fadeInRight&quot;}\" data-widget_type=\"heading.default\">\n\t\t\t\t\t<h2 class=\"elementor-heading-title elementor-size-default\">Electrical hardware and equipment that makes a difference!<\/h2>\t\t\t\t<\/div>\n\t\t\t\t<div class=\"elementor-element elementor-element-3c56a9a elementor-tablet-align-center elementor-invisible elementor-widget elementor-widget-button\" data-id=\"3c56a9a\" data-element_type=\"widget\" data-e-type=\"widget\" data-settings=\"{&quot;_animation&quot;:&quot;fadeInRight&quot;}\" data-widget_type=\"button.default\">\n\t\t\t\t\t\t\t\t\t\t<a class=\"elementor-button elementor-button-link elementor-size-sm elementor-animation-float\" href=\"\/en\/servicios\/\">\n\t\t\t\t\t\t<span class=\"elementor-button-content-wrapper\">\n\t\t\t\t\t\t<span class=\"elementor-button-icon\">\n\t\t\t\t<svg aria-hidden=\"true\" class=\"e-font-icon-svg e-fas-truck\" viewbox=\"0 0 640 512\" xmlns=\"http:\/\/www.w3.org\/2000\/svg\"><path d=\"M624 352h-16V243.9c0-12.7-5.1-24.9-14.1-33.9L494 110.1c-9-9-21.2-14.1-33.9-14.1H416V48c0-26.5-21.5-48-48-48H48C21.5 0 0 21.5 0 48v320c0 26.5 21.5 48 48 48h16c0 53 43 96 96 96s96-43 96-96h128c0 53 43 96 96 96s96-43 96-96h48c8.8 0 16-7.2 16-16v-32c0-8.8-7.2-16-16-16zM160 464c-26.5 0-48-21.5-48-48s21.5-48 48-48 48 21.5 48 48-21.5 48-48 48zm320 0c-26.5 0-48-21.5-48-48s21.5-48 48-48 48 21.5 48 48-21.5 48-48 48zm80-208H416V144h44.1l99.9 99.9V256z\"><\/path><\/svg>\t\t\t<\/span>\n\t\t\t\t\t\t\t\t\t<span class=\"elementor-button-text\">Services<\/span>\n\t\t\t\t\t<\/span>\n\t\t\t\t\t<\/a>\n\t\t\t\t\t\t\t\t<\/div>\n\t\t\t\t\t<\/div>\n\t\t\t\t<\/div>\n\t\t<div class=\"elementor-element elementor-element-5554c88 e-flex e-con-boxed elementor-invisible e-con e-parent\" data-id=\"5554c88\" data-element_type=\"container\" data-e-type=\"container\" data-settings=\"{&quot;animation&quot;:&quot;bounceInUp&quot;}\">\n\t\t\t\t\t<div class=\"e-con-inner\">\n\t\t<div class=\"elementor-element elementor-element-8bac2bd e-con-full e-flex e-con e-child\" data-id=\"8bac2bd\" data-element_type=\"container\" data-e-type=\"container\">\n\t\t\t\t<\/div>\n\t\t<div class=\"elementor-element elementor-element-ff91ad4 e-con-full e-flex e-con e-child\" data-id=\"ff91ad4\" data-element_type=\"container\" data-e-type=\"container\">\n\t\t\t\t<div class=\"elementor-element elementor-element-2a40360 elementor-invisible elementor-widget elementor-widget-heading\" data-id=\"2a40360\" data-element_type=\"widget\" data-e-type=\"widget\" data-settings=\"{&quot;_animation&quot;:&quot;fadeIn&quot;,&quot;_animation_delay&quot;:50}\" data-widget_type=\"heading.default\">\n\t\t\t\t\t<h2 class=\"elementor-heading-title elementor-size-default\">Efficient facilities<\/h2>\t\t\t\t<\/div>\n\t\t\t\t<div class=\"elementor-element elementor-element-0d1847b elementor-invisible elementor-widget elementor-widget-heading\" data-id=\"0d1847b\" data-element_type=\"widget\" data-e-type=\"widget\" data-settings=\"{&quot;_animation&quot;:&quot;fadeIn&quot;,&quot;_animation_delay&quot;:100}\" data-widget_type=\"heading.default\">\n\t\t\t\t\t<h2 class=\"elementor-heading-title elementor-size-default\">Optimize your vehicle, optimize your work!<\/h2>\t\t\t\t<\/div>\n\t\t\t\t<div class=\"elementor-element elementor-element-7d0254b elementor-icon-list--layout-traditional elementor-list-item-link-full_width elementor-widget elementor-widget-icon-list\" data-id=\"7d0254b\" data-element_type=\"widget\" data-e-type=\"widget\" data-widget_type=\"icon-list.default\">\n\t\t\t\t\t\t\t<ul class=\"elementor-icon-list-items\">\n\t\t\t\t\t\t\t<li class=\"elementor-icon-list-item\">\n\t\t\t\t\t\t\t\t\t\t\t<span class=\"elementor-icon-list-icon\">\n\t\t\t\t\t\t\t<svg aria-hidden=\"true\" class=\"e-font-icon-svg e-fas-lightbulb\" viewbox=\"0 0 352 512\" xmlns=\"http:\/\/www.w3.org\/2000\/svg\"><path d=\"M96.06 454.35c.01 6.29 1.87 12.45 5.36 17.69l17.09 25.69a31.99 31.99 0 0 0 26.64 14.28h61.71a31.99 31.99 0 0 0 26.64-14.28l17.09-25.69a31.989 31.989 0 0 0 5.36-17.69l.04-38.35H96.01l.05 38.35zM0 176c0 44.37 16.45 84.85 43.56 115.78 16.52 18.85 42.36 58.23 52.21 91.45.04.26.07.52.11.78h160.24c.04-.26.07-.51.11-.78 9.85-33.22 35.69-72.6 52.21-91.45C335.55 260.85 352 220.37 352 176 352 78.61 272.91-.3 175.45 0 73.44.31 0 82.97 0 176zm176-80c-44.11 0-80 35.89-80 80 0 8.84-7.16 16-16 16s-16-7.16-16-16c0-61.76 50.24-112 112-112 8.84 0 16 7.16 16 16s-7.16 16-16 16z\"><\/path><\/svg>\t\t\t\t\t\t<\/span>\n\t\t\t\t\t\t\t\t\t\t<span class=\"elementor-icon-list-text\">Designed for real work.<\/span>\n\t\t\t\t\t\t\t\t\t<\/li>\n\t\t\t\t\t\t\t\t<li class=\"elementor-icon-list-item\">\n\t\t\t\t\t\t\t\t\t\t\t<span class=\"elementor-icon-list-icon\">\n\t\t\t\t\t\t\t<svg aria-hidden=\"true\" class=\"e-font-icon-svg e-fas-lightbulb\" viewbox=\"0 0 352 512\" xmlns=\"http:\/\/www.w3.org\/2000\/svg\"><path d=\"M96.06 454.35c.01 6.29 1.87 12.45 5.36 17.69l17.09 25.69a31.99 31.99 0 0 0 26.64 14.28h61.71a31.99 31.99 0 0 0 26.64-14.28l17.09-25.69a31.989 31.989 0 0 0 5.36-17.69l.04-38.35H96.01l.05 38.35zM0 176c0 44.37 16.45 84.85 43.56 115.78 16.52 18.85 42.36 58.23 52.21 91.45.04.26.07.52.11.78h160.24c.04-.26.07-.51.11-.78 9.85-33.22 35.69-72.6 52.21-91.45C335.55 260.85 352 220.37 352 176 352 78.61 272.91-.3 175.45 0 73.44.31 0 82.97 0 176zm176-80c-44.11 0-80 35.89-80 80 0 8.84-7.16 16-16 16s-16-7.16-16-16c0-61.76 50.24-112 112-112 8.84 0 16 7.16 16 16s-7.16 16-16 16z\"><\/path><\/svg>\t\t\t\t\t\t<\/span>\n\t\t\t\t\t\t\t\t\t\t<span class=\"elementor-icon-list-text\">Safety and capability on wheels.<\/span>\n\t\t\t\t\t\t\t\t\t<\/li>\n\t\t\t\t\t\t\t\t<li class=\"elementor-icon-list-item\">\n\t\t\t\t\t\t\t\t\t\t\t<span class=\"elementor-icon-list-icon\">\n\t\t\t\t\t\t\t<svg aria-hidden=\"true\" class=\"e-font-icon-svg e-fas-lightbulb\" viewbox=\"0 0 352 512\" xmlns=\"http:\/\/www.w3.org\/2000\/svg\"><path d=\"M96.06 454.35c.01 6.29 1.87 12.45 5.36 17.69l17.09 25.69a31.99 31.99 0 0 0 26.64 14.28h61.71a31.99 31.99 0 0 0 26.64-14.28l17.09-25.69a31.989 31.989 0 0 0 5.36-17.69l.04-38.35H96.01l.05 38.35zM0 176c0 44.37 16.45 84.85 43.56 115.78 16.52 18.85 42.36 58.23 52.21 91.45.04.26.07.52.11.78h160.24c.04-.26.07-.51.11-.78 9.85-33.22 35.69-72.6 52.21-91.45C335.55 260.85 352 220.37 352 176 352 78.61 272.91-.3 175.45 0 73.44.31 0 82.97 0 176zm176-80c-44.11 0-80 35.89-80 80 0 8.84-7.16 16-16 16s-16-7.16-16-16c0-61.76 50.24-112 112-112 8.84 0 16 7.16 16 16s-7.16 16-16 16z\"><\/path><\/svg>\t\t\t\t\t\t<\/span>\n\t\t\t\t\t\t\t\t\t\t<span class=\"elementor-icon-list-text\">Turn your vehicle into the perfect tool.<\/span>\n\t\t\t\t\t\t\t\t\t<\/li>\n\t\t\t\t\t\t<\/ul>\n\t\t\t\t\t\t<\/div>\n\t\t\t\t<\/div>\n\t\t\t\t\t<\/div>\n\t\t\t\t<\/div>\n\t\t\t\t<\/div>","protected":false},"excerpt":{"rendered":"<p>Herrajes el\u00e9ctricos y Porta-equipajes para veh\u00edculos industriales sobre nosotros \u00a1Soluciones que equipan tu trabajo! F\u00e1brica especializada en la producci\u00f3n de herrajes el\u00e9ctricos y porta-equipajes de alta calidad para veh\u00edculos industriales, ofreciendo soluciones innovadoras y duraderas para el transporte eficiente y seguro de mercanc\u00edas. \u00a1Herrajes el\u00e9ctricos y equipamiento que marcan la diferencia! Servicios Instalaciones eficientes \u00a1Optimiza [&hellip;]<\/p>\n","protected":false},"author":1,"featured_media":0,"parent":0,"menu_order":0,"comment_status":"closed","ping_status":"closed","template":"elementor_canvas","meta":{"footnotes":""},"class_list":["post-10","page","type-page","status-publish","hentry"],"yoast_head":"<!-- This site is optimized with the Yoast SEO plugin v27.4 - https:\/\/yoast.com\/product\/yoast-seo-wordpress\/ -->\n<title>Inicio - INDUSTRIAS JOB<\/title>\n<meta name=\"robots\" content=\"index, follow, max-snippet:-1, max-image-preview:large, max-video-preview:-1\" \/>\n<link rel=\"canonical\" href=\"https:\/\/jobacabadosmetalicos.com\/en\/\" \/>\n<meta property=\"og:locale\" content=\"en_GB\" \/>\n<meta property=\"og:type\" content=\"article\" \/>\n<meta property=\"og:title\" content=\"Inicio - INDUSTRIAS JOB\" \/>\n<meta property=\"og:description\" content=\"Herrajes el\u00e9ctricos y Porta-equipajes para veh\u00edculos industriales sobre nosotros \u00a1Soluciones que equipan tu trabajo! F\u00e1brica especializada en la producci\u00f3n de herrajes el\u00e9ctricos y porta-equipajes de alta calidad para veh\u00edculos industriales, ofreciendo soluciones innovadoras y duraderas para el transporte eficiente y seguro de mercanc\u00edas. \u00a1Herrajes el\u00e9ctricos y equipamiento que marcan la diferencia! Servicios Instalaciones eficientes \u00a1Optimiza [&hellip;]\" \/>\n<meta property=\"og:url\" content=\"https:\/\/jobacabadosmetalicos.com\/en\/\" \/>\n<meta property=\"og:site_name\" content=\"INDUSTRIAS JOB\" \/>\n<meta property=\"article:modified_time\" content=\"2026-04-16T15:11:56+00:00\" \/>\n<meta name=\"twitter:card\" content=\"summary_large_image\" \/>\n<meta name=\"twitter:label1\" content=\"Estimated reading time\" \/>\n\t<meta name=\"twitter:data1\" content=\"1 minute\" \/>\n<script type=\"application\/ld+json\" class=\"yoast-schema-graph\">{\"@context\":\"https:\\\/\\\/schema.org\",\"@graph\":[{\"@type\":\"WebPage\",\"@id\":\"https:\\\/\\\/jobacabadosmetalicos.com\\\/\",\"url\":\"https:\\\/\\\/jobacabadosmetalicos.com\\\/\",\"name\":\"Inicio - INDUSTRIAS JOB\",\"isPartOf\":{\"@id\":\"https:\\\/\\\/jobacabadosmetalicos.com\\\/#website\"},\"datePublished\":\"2026-02-11T10:59:32+00:00\",\"dateModified\":\"2026-04-16T15:11:56+00:00\",\"breadcrumb\":{\"@id\":\"https:\\\/\\\/jobacabadosmetalicos.com\\\/#breadcrumb\"},\"inLanguage\":\"en-GB\",\"potentialAction\":[{\"@type\":\"ReadAction\",\"target\":[\"https:\\\/\\\/jobacabadosmetalicos.com\\\/\"]}]},{\"@type\":\"BreadcrumbList\",\"@id\":\"https:\\\/\\\/jobacabadosmetalicos.com\\\/#breadcrumb\",\"itemListElement\":[{\"@type\":\"ListItem\",\"position\":1,\"name\":\"Portada\",\"item\":\"https:\\\/\\\/jobacabadosmetalicos.com\\\/\"},{\"@type\":\"ListItem\",\"position\":2,\"name\":\"Inicio\"}]},{\"@type\":\"WebSite\",\"@id\":\"https:\\\/\\\/jobacabadosmetalicos.com\\\/#website\",\"url\":\"https:\\\/\\\/jobacabadosmetalicos.com\\\/\",\"name\":\"INDUSTRIAS JOB\",\"description\":\"INDUSTRIAS JOB\",\"publisher\":{\"@id\":\"https:\\\/\\\/jobacabadosmetalicos.com\\\/#organization\"},\"potentialAction\":[{\"@type\":\"SearchAction\",\"target\":{\"@type\":\"EntryPoint\",\"urlTemplate\":\"https:\\\/\\\/jobacabadosmetalicos.com\\\/?s={search_term_string}\"},\"query-input\":{\"@type\":\"PropertyValueSpecification\",\"valueRequired\":true,\"valueName\":\"search_term_string\"}}],\"inLanguage\":\"en-GB\"},{\"@type\":\"Organization\",\"@id\":\"https:\\\/\\\/jobacabadosmetalicos.com\\\/#organization\",\"name\":\"INDUSTRIAS JOB\",\"url\":\"https:\\\/\\\/jobacabadosmetalicos.com\\\/\",\"logo\":{\"@type\":\"ImageObject\",\"inLanguage\":\"en-GB\",\"@id\":\"https:\\\/\\\/jobacabadosmetalicos.com\\\/#\\\/schema\\\/logo\\\/image\\\/\",\"url\":\"https:\\\/\\\/jobacabadosmetalicos.com\\\/wp-content\\\/uploads\\\/2026\\\/03\\\/logo_web.png\",\"contentUrl\":\"https:\\\/\\\/jobacabadosmetalicos.com\\\/wp-content\\\/uploads\\\/2026\\\/03\\\/logo_web.png\",\"width\":1794,\"height\":1039,\"caption\":\"INDUSTRIAS JOB\"},\"image\":{\"@id\":\"https:\\\/\\\/jobacabadosmetalicos.com\\\/#\\\/schema\\\/logo\\\/image\\\/\"}}]}<\/script>\n<!-- \/ Yoast SEO plugin. -->","yoast_head_json":{"title":"Inicio - INDUSTRIAS JOB","robots":{"index":"index","follow":"follow","max-snippet":"max-snippet:-1","max-image-preview":"max-image-preview:large","max-video-preview":"max-video-preview:-1"},"canonical":"https:\/\/jobacabadosmetalicos.com\/en\/","og_locale":"en_GB","og_type":"article","og_title":"Inicio - INDUSTRIAS JOB","og_description":"Herrajes el\u00e9ctricos y Porta-equipajes para veh\u00edculos industriales sobre nosotros \u00a1Soluciones que equipan tu trabajo! F\u00e1brica especializada en la producci\u00f3n de herrajes el\u00e9ctricos y porta-equipajes de alta calidad para veh\u00edculos industriales, ofreciendo soluciones innovadoras y duraderas para el transporte eficiente y seguro de mercanc\u00edas. \u00a1Herrajes el\u00e9ctricos y equipamiento que marcan la diferencia! Servicios Instalaciones eficientes \u00a1Optimiza [&hellip;]","og_url":"https:\/\/jobacabadosmetalicos.com\/en\/","og_site_name":"INDUSTRIAS JOB","article_modified_time":"2026-04-16T15:11:56+00:00","twitter_card":"summary_large_image","twitter_misc":{"Estimated reading time":"1 minute"},"schema":{"@context":"https:\/\/schema.org","@graph":[{"@type":"WebPage","@id":"https:\/\/jobacabadosmetalicos.com\/","url":"https:\/\/jobacabadosmetalicos.com\/","name":"Inicio - INDUSTRIAS JOB","isPartOf":{"@id":"https:\/\/jobacabadosmetalicos.com\/#website"},"datePublished":"2026-02-11T10:59:32+00:00","dateModified":"2026-04-16T15:11:56+00:00","breadcrumb":{"@id":"https:\/\/jobacabadosmetalicos.com\/#breadcrumb"},"inLanguage":"en-GB","potentialAction":[{"@type":"ReadAction","target":["https:\/\/jobacabadosmetalicos.com\/"]}]},{"@type":"BreadcrumbList","@id":"https:\/\/jobacabadosmetalicos.com\/#breadcrumb","itemListElement":[{"@type":"ListItem","position":1,"name":"Portada","item":"https:\/\/jobacabadosmetalicos.com\/"},{"@type":"ListItem","position":2,"name":"Inicio"}]},{"@type":"WebSite","@id":"https:\/\/jobacabadosmetalicos.com\/#website","url":"https:\/\/jobacabadosmetalicos.com\/","name":"INDUSTRIAS JOB","description":"INDUSTRIAS JOB","publisher":{"@id":"https:\/\/jobacabadosmetalicos.com\/#organization"},"potentialAction":[{"@type":"SearchAction","target":{"@type":"EntryPoint","urlTemplate":"https:\/\/jobacabadosmetalicos.com\/?s={search_term_string}"},"query-input":{"@type":"PropertyValueSpecification","valueRequired":true,"valueName":"search_term_string"}}],"inLanguage":"en-GB"},{"@type":"Organization","@id":"https:\/\/jobacabadosmetalicos.com\/#organization","name":"INDUSTRIAS JOB","url":"https:\/\/jobacabadosmetalicos.com\/","logo":{"@type":"ImageObject","inLanguage":"en-GB","@id":"https:\/\/jobacabadosmetalicos.com\/#\/schema\/logo\/image\/","url":"https:\/\/jobacabadosmetalicos.com\/wp-content\/uploads\/2026\/03\/logo_web.png","contentUrl":"https:\/\/jobacabadosmetalicos.com\/wp-content\/uploads\/2026\/03\/logo_web.png","width":1794,"height":1039,"caption":"INDUSTRIAS JOB"},"image":{"@id":"https:\/\/jobacabadosmetalicos.com\/#\/schema\/logo\/image\/"}}]}},"_links":{"self":[{"href":"https:\/\/jobacabadosmetalicos.com\/en\/wp-json\/wp\/v2\/pages\/10","targetHints":{"allow":["GET"]}}],"collection":[{"href":"https:\/\/jobacabadosmetalicos.com\/en\/wp-json\/wp\/v2\/pages"}],"about":[{"href":"https:\/\/jobacabadosmetalicos.com\/en\/wp-json\/wp\/v2\/types\/page"}],"author":[{"embeddable":true,"href":"https:\/\/jobacabadosmetalicos.com\/en\/wp-json\/wp\/v2\/users\/1"}],"replies":[{"embeddable":true,"href":"https:\/\/jobacabadosmetalicos.com\/en\/wp-json\/wp\/v2\/comments?post=10"}],"version-history":[{"count":82,"href":"https:\/\/jobacabadosmetalicos.com\/en\/wp-json\/wp\/v2\/pages\/10\/revisions"}],"predecessor-version":[{"id":401,"href":"https:\/\/jobacabadosmetalicos.com\/en\/wp-json\/wp\/v2\/pages\/10\/revisions\/401"}],"wp:attachment":[{"href":"https:\/\/jobacabadosmetalicos.com\/en\/wp-json\/wp\/v2\/media?parent=10"}],"curies":[{"name":"wp","href":"https:\/\/api.w.org\/{rel}","templated":true}]}}